{"id":43,"date":"2017-06-29T18:25:04","date_gmt":"2017-06-29T18:25:04","guid":{"rendered":"https:\/\/callmaster.com.mx\/?page_id=43"},"modified":"2021-08-17T15:01:05","modified_gmt":"2021-08-17T20:01:05","slug":"inicio","status":"publish","type":"page","link":"https:\/\/callmaster.com.mx\/","title":{"rendered":"INICIO"},"content":{"rendered":"<p>Somos una empresa de <b>BPO<\/b> (Business Process Outsourcing) fundada en Agosto de 2001, dise\u00f1amos soluciones integrales para el manejo <b>Omnicanal<\/b> de la <b>Experiencia del Cliente.<\/b><\/p>\n<p>En <b>Callmaster<\/b> tenemos una Visi\u00f3n Global de las necesidades de <b>Nuestros<\/b> <b>Clientes<\/b>. Hemos creado un Ambiente Integral de Comunicaci\u00f3n con Capacidad de Identificar, Percibir y Satisfacer&nbsp; las necesidades de los <b>Clientes de Nuestros Clientes<\/b>.<\/p>\n<p>Contamos con en <b><i>Equipo Profesional Multidisciplinario con los Conocimientos, Experiencia e Infraestructura<\/i><\/b> para desarrollar los proyectos de <b>Nuestros Clientes<\/b> bajo una <b>Visi\u00f3n Integral de \u00c9xito<\/b>.<\/p>\n","protected":false},"excerpt":{"rendered":"<p>Somos una empresa de BPO (Business Process Outsourcing) fundada en Agosto de 2001, dise\u00f1amos soluciones integrales para el manejo Omnicanal de la Experiencia del Cliente. En Callmaster tenemos una Visi\u00f3n Global de las necesidades de Nuestros Clientes. Hemos creado un Ambiente Integral de Comunicaci\u00f3n con Capacidad de Identificar, Percibir y Satisfacer&nbsp; las necesidades de los<a class=\"moretag\" href=\"https:\/\/callmaster.com.mx\/\"><span class=\"screen-reader-text\">Leer m\u00e1s sobre INICIO<\/span>[&#8230;]<\/a><\/p>\n","protected":false},"author":1,"featured_media":15,"parent":0,"menu_order":0,"comment_status":"closed","ping_status":"closed","template":"","meta":{"footnotes":""},"class_list":["post-43","page","type-page","status-publish","has-post-thumbnail","hentry"],"_links":{"self":[{"href":"https:\/\/callmaster.com.mx\/index.php?rest_route=\/wp\/v2\/pages\/43","targetHints":{"allow":["GET"]}}],"collection":[{"href":"https:\/\/callmaster.com.mx\/index.php?rest_route=\/wp\/v2\/pages"}],"about":[{"href":"https:\/\/callmaster.com.mx\/index.php?rest_route=\/wp\/v2\/types\/page"}],"author":[{"embeddable":true,"href":"https:\/\/callmaster.com.mx\/index.php?rest_route=\/wp\/v2\/users\/1"}],"replies":[{"embeddable":true,"href":"https:\/\/callmaster.com.mx\/index.php?rest_route=%2Fwp%2Fv2%2Fcomments&post=43"}],"version-history":[{"count":4,"href":"https:\/\/callmaster.com.mx\/index.php?rest_route=\/wp\/v2\/pages\/43\/revisions"}],"predecessor-version":[{"id":181,"href":"https:\/\/callmaster.com.mx\/index.php?rest_route=\/wp\/v2\/pages\/43\/revisions\/181"}],"wp:featuredmedia":[{"embeddable":true,"href":"https:\/\/callmaster.com.mx\/index.php?rest_route=\/wp\/v2\/media\/15"}],"wp:attachment":[{"href":"https:\/\/callmaster.com.mx\/index.php?rest_route=%2Fwp%2Fv2%2Fmedia&parent=43"}],"curies":[{"name":"wp","href":"https:\/\/api.w.org\/{rel}","templated":true}]}}