{"id":24,"date":"2017-05-30T00:13:42","date_gmt":"2017-05-30T00:13:42","guid":{"rendered":"https:\/\/callmaster.com.mx\/?page_id=24"},"modified":"2021-08-17T14:19:49","modified_gmt":"2021-08-17T19:19:49","slug":"unete-a-nuestro-equipo","status":"publish","type":"page","link":"https:\/\/callmaster.com.mx\/?page_id=24","title":{"rendered":"UNETE A NUESTRO EQUIPO"},"content":{"rendered":"<div id=\"textostrabajooo\">\n<h1><img loading=\"lazy\" decoding=\"async\" class=\"alignnone size-medium wp-image-103\" src=\"https:\/\/callmaster.com.mx\/wp-content\/uploads\/2017\/05\/069-300x188.jpg\" alt=\"\" width=\"300\" height=\"188\" srcset=\"https:\/\/callmaster.com.mx\/wp-content\/uploads\/2017\/05\/069-300x188.jpg 300w, https:\/\/callmaster.com.mx\/wp-content\/uploads\/2017\/05\/069-768x480.jpg 768w, https:\/\/callmaster.com.mx\/wp-content\/uploads\/2017\/05\/069-1024x640.jpg 1024w, https:\/\/callmaster.com.mx\/wp-content\/uploads\/2017\/05\/069.jpg 1280w\" sizes=\"auto, (max-width: 300px) 100vw, 300px\" \/><\/h1>\n<h1>\u00bfPor que trabajar en Callmaster?<\/h1>\n<p>Porque en Callmaster te ofrecemos la oportunidad de crecimiento dentro de nuestra instituci\u00f3n; manejando un ambiente de trabajo agradable, impulsando tus metas y comprendiendo tus necesidades personales.<\/p>\n<p>Callmaster; es una empresa que brinda la oportunidad de trabajo a las personas que dif\u00edcilmente pueden conseguirlo, tambi\u00e9n somos una opci\u00f3n para comenzar de manera agradable en el mercado laboral, solicitando de la misma manera a profesionales altamente calificados, enfoc\u00e1ndonos en las ganas de trabajar, sin importar cuestiones de edad, sexo, religi\u00f3n, etc\u2026<\/p>\n<p>Ofrecemos la posibilidad de un trabajo estable, tranquilo y agradable dentro de nuestra instituci\u00f3n, compensamos los logros realizados por nuestros colaboradores, ofreci\u00e9ndoles gratificaciones por puntualidad y desempe\u00f1o, premiando a nuestros mejores empleados, con fin de motivar su desarrollo laboral dentro de nuestra empresa.<\/p>\n<p>Esta es la raz\u00f3n para trabajar en Callmaster, una empresa comprometida con sus empleados, comprensiva con sus necesidades y el mejor lugar para desarrollarte profesionalmente, conv\u00e9ncete a visitarnos y forma parte de la familia Callmaster.<\/p>\n<h2>Si quieres unirte a la familia Callmaster, por favor llena el siguiente formulario y nosotros nos pondremos en contacto contigo.<\/h2>\n\n<div class=\"wpcf7 no-js\" id=\"wpcf7-f171-o1\" lang=\"es-ES\" dir=\"ltr\" data-wpcf7-id=\"171\">\n<div class=\"screen-reader-response\"><p role=\"status\" aria-live=\"polite\" aria-atomic=\"true\"><\/p> <ul><\/ul><\/div>\n<form action=\"\/index.php?rest_route=%2Fwp%2Fv2%2Fpages%2F24#wpcf7-f171-o1\" method=\"post\" class=\"wpcf7-form init\" aria-label=\"Formulario de contacto\" novalidate=\"novalidate\" data-status=\"init\">\n<fieldset class=\"hidden-fields-container\"><input type=\"hidden\" name=\"_wpcf7\" value=\"171\" \/><input type=\"hidden\" name=\"_wpcf7_version\" value=\"6.1.5\" \/><input type=\"hidden\" name=\"_wpcf7_locale\" value=\"es_ES\" \/><input type=\"hidden\" name=\"_wpcf7_unit_tag\" value=\"wpcf7-f171-o1\" \/><input type=\"hidden\" name=\"_wpcf7_container_post\" value=\"0\" \/><input type=\"hidden\" name=\"_wpcf7_posted_data_hash\" value=\"\" \/>\n<\/fieldset>\n<p><label> Tu nombre<br \/>\n<span class=\"wpcf7-form-control-wrap\" data-name=\"your-name\"><input size=\"40\" maxlength=\"400\" class=\"wpcf7-form-control wpcf7-text wpcf7-validates-as-required\" aria-required=\"true\" aria-invalid=\"false\" value=\"\" type=\"text\" name=\"your-name\" \/><\/span> <\/label>\n<\/p>\n<p><label> Tu correo electr\u00f3nico<br \/>\n<span class=\"wpcf7-form-control-wrap\" data-name=\"your-email\"><input size=\"40\" maxlength=\"400\" class=\"wpcf7-form-control wpcf7-email wpcf7-validates-as-required wpcf7-text wpcf7-validates-as-email\" aria-required=\"true\" aria-invalid=\"false\" value=\"\" type=\"email\" name=\"your-email\" \/><\/span> <\/label>\n<\/p>\n<p><label> Tu Numero Celular<br \/>\n<span class=\"wpcf7-form-control-wrap\" data-name=\"tel-393\"><input size=\"40\" maxlength=\"400\" class=\"wpcf7-form-control wpcf7-tel wpcf7-validates-as-required wpcf7-text wpcf7-validates-as-tel\" aria-required=\"true\" aria-invalid=\"false\" value=\"\" type=\"tel\" name=\"tel-393\" \/><\/span> <\/label>\n<\/p>\n<p><label> Tu mensaje (opcional)<br \/>\n<span class=\"wpcf7-form-control-wrap\" data-name=\"your-message\"><textarea cols=\"40\" rows=\"10\" maxlength=\"2000\" class=\"wpcf7-form-control wpcf7-textarea\" aria-invalid=\"false\" name=\"your-message\"><\/textarea><\/span> <\/label>\n<\/p>\n<p><input class=\"wpcf7-form-control wpcf7-submit has-spinner\" type=\"submit\" value=\"Enviar\" \/>\n<\/p><p style=\"display: none !important;\" class=\"akismet-fields-container\" data-prefix=\"_wpcf7_ak_\"><label>&#916;<textarea name=\"_wpcf7_ak_hp_textarea\" cols=\"45\" rows=\"8\" maxlength=\"100\"><\/textarea><\/label><input type=\"hidden\" id=\"ak_js_1\" name=\"_wpcf7_ak_js\" value=\"194\"\/><script>document.getElementById( \"ak_js_1\" ).setAttribute( \"value\", ( new Date() ).getTime() );<\/script><\/p><div class=\"wpcf7-response-output\" aria-hidden=\"true\"><\/div>\n<\/form>\n<\/div>\n\n<\/div>\n","protected":false},"excerpt":{"rendered":"<p>\u00bfPor que trabajar en Callmaster? Porque en Callmaster te ofrecemos la oportunidad de crecimiento dentro de nuestra instituci\u00f3n; manejando un ambiente de trabajo agradable, impulsando tus metas y comprendiendo tus necesidades personales. Callmaster; es una empresa que brinda la oportunidad de trabajo a las personas que dif\u00edcilmente pueden conseguirlo, tambi\u00e9n somos una opci\u00f3n para comenzar<a class=\"moretag\" href=\"https:\/\/callmaster.com.mx\/?page_id=24\"><span class=\"screen-reader-text\">Leer m\u00e1s sobre UNETE A NUESTRO EQUIPO<\/span>[&#8230;]<\/a><\/p>\n","protected":false},"author":1,"featured_media":0,"parent":0,"menu_order":0,"comment_status":"closed","ping_status":"closed","template":"","meta":{"footnotes":""},"class_list":["post-24","page","type-page","status-publish","hentry"],"_links":{"self":[{"href":"https:\/\/callmaster.com.mx\/index.php?rest_route=\/wp\/v2\/pages\/24","targetHints":{"allow":["GET"]}}],"collection":[{"href":"https:\/\/callmaster.com.mx\/index.php?rest_route=\/wp\/v2\/pages"}],"about":[{"href":"https:\/\/callmaster.com.mx\/index.php?rest_route=\/wp\/v2\/types\/page"}],"author":[{"embeddable":true,"href":"https:\/\/callmaster.com.mx\/index.php?rest_route=\/wp\/v2\/users\/1"}],"replies":[{"embeddable":true,"href":"https:\/\/callmaster.com.mx\/index.php?rest_route=%2Fwp%2Fv2%2Fcomments&post=24"}],"version-history":[{"count":5,"href":"https:\/\/callmaster.com.mx\/index.php?rest_route=\/wp\/v2\/pages\/24\/revisions"}],"predecessor-version":[{"id":172,"href":"https:\/\/callmaster.com.mx\/index.php?rest_route=\/wp\/v2\/pages\/24\/revisions\/172"}],"wp:attachment":[{"href":"https:\/\/callmaster.com.mx\/index.php?rest_route=%2Fwp%2Fv2%2Fmedia&parent=24"}],"curies":[{"name":"wp","href":"https:\/\/api.w.org\/{rel}","templated":true}]}}