{"id":158,"date":"2019-05-29T19:24:50","date_gmt":"2019-05-29T19:24:50","guid":{"rendered":"https:\/\/callmaster.com.mx\/?page_id=158"},"modified":"2019-05-31T14:51:43","modified_gmt":"2019-05-31T19:51:43","slug":"aviso-de-privacidad","status":"publish","type":"page","link":"https:\/\/callmaster.com.mx\/?page_id=158","title":{"rendered":"Aviso de Privacidad"},"content":{"rendered":"\n<p>Consultor\u00eda en Telefon\u00eda Sistematizada Marrtell S.A. de C.V., de conformidad con lo dispuesto en la Ley Federal de Protecci\u00f3n de Datos Personales en Posesi\u00f3n de los Particulares y en su Reglamento, hace de su conocimiento que es Responsable de recabar sus datos personales, del uso que se les d\u00e9 a los mismos y de su protecci\u00f3n.<\/p>\n\n\n\n<p><br> Tratamiento de sus Datos Personales: Recabamos sus datos personales para los efectos mencionados en presente Aviso de Privacidad. <\/p>\n\n\n\n<p>En este sentido, hacemos de su conocimiento que sus datos personales ser\u00e1n tratados y resguardados con base en los principios de licitud, calidad, consentimiento, informaci\u00f3n, finalidad, lealtad, proporcionalidad y responsabilidad, consagrados en la Ley Federal de Protecci\u00f3n de Datos Personales en Posesi\u00f3n de Particulares y su Reglamento. <\/p>\n\n\n\n<p>Algunos de los datos personales que pudieran recabarse son: Nombre, Actividad (giro), Domicilio Postal, Domicilio Fiscal, Domicilio de Revisi\u00f3n y de Cobro, Registro Federal de Contribuyentes, Direcci\u00f3n de Correo Electr\u00f3nico, N\u00famero de Tel\u00e9fono Fijo y\/o de Tel\u00e9fono Celular, N\u00famero de Fax, Nombre del Representante Legal (en su caso) Firma del Representante Legal (en su caso), Nombre del Encargado de Pagos, Referencias Bancarias y Comerciales, Informaci\u00f3n de Pago (como n\u00famero de Tarjeta de Cr\u00e9dito o N\u00famero de Cuenta Bancaria), Tipo de Moneda para llevar a cabo la Facturaci\u00f3n e Informaci\u00f3n sobre Cr\u00e9ditos Solicitados.<\/p>\n\n\n\n<p><br> Finalidad en el Tratamiento de sus Datos Personales: Los Datos Personales que recaba Consultor\u00eda en Telefon\u00eda Sistematizada Marrtell S.A. de C.V., son utilizados para prestarle los servicios ofrecidos, para desarrollar y mejorar nuestros servicios, para contactarlo, para comunicarle novedades respecto a nuestros servicios, para la creaci\u00f3n y administraci\u00f3n de su cuenta, para llevar a cabo actividades de mercadeo y promocionales, para prestarle los servicios espec\u00edficos de cada una de las \u00e1reas de servicio en las cuales se ha registrado, para proporcionarle acceso a e informaci\u00f3n sobre servicios que consideramos pudieran ser de su inter\u00e9s, para interrelacionar bases de datos y conocer su perfil y necesidades, para llevar a cabo la facturaci\u00f3n por los servicios prestados, para enviarle facturas electr\u00f3nicas al correo electr\u00f3nico proporcionado, para gestionar la cobranza y el procesamiento de pagos, para implementar medidas de protecci\u00f3n en contra de posibles transacciones fraudulentas o identificaci\u00f3n de las mismas y, en general, para cumplir con el desarrollo propio del negocio. Sus datos personales podr\u00e1n ser utilizados para otras finalidades siempre y cuando dichas finalidades sean compatibles con las antes descritas y puedan considerarse an\u00e1logas.<\/p>\n\n\n\n<p><br> Transferencias de Datos Personales en M\u00e9xico. De conformidad al art\u00edculo 36 de la Ley Federal de Protecci\u00f3n de Datos Personales en Posesi\u00f3n de los Particulares y en su Reglamento, sus datos personales pueden ser transferidos y tratados dentro del pa\u00eds. En este caso, se compartir\u00edan sus datos personales, con la o las sociedades controladoras, subsidiarias o afiliadas bajo el control com\u00fan del responsable, o a una sociedad matriz o a cualquier sociedad del mismo grupo del responsable que opere bajo los mismos procesos y pol\u00edticas internas. Por lo anterior, es importante que usted est\u00e9 enterado de que sus datos se encuentran protegidos en virtud de que dichas sociedades, de ser necesario que se remitan sus datos, operar\u00e1n bajo la misma Pol\u00edtica de Protecci\u00f3n de Datos Personales y cuentan adem\u00e1s con una Pol\u00edtica de Protecci\u00f3n de Datos y Privacidad. <\/p>\n\n\n\n<p>Consultor\u00eda en Telefon\u00eda Sistematizada Marrtell S.A. de C.V., se compromete a no transferir sus Datos Personales a otros terceros, salvo a las autoridades tributarias, judiciales, federales o locales, previa notificaci\u00f3n de los mismos. Igualmente podr\u00e1 llevar a cabo transferencia de sus datos en los supuestos previstos en el art\u00edculo 37 de la Ley Federal de Protecci\u00f3n de Datos Personales en Posesi\u00f3n de los Particulares y en su Reglamento.<\/p>\n\n\n\n<p><br> Medios para Limitar el Uso o Divulgaci\u00f3n de sus Datos Personales: Hacemos de su conocimiento que sus Datos Personales ser\u00e1n resguardados bajo estrictas medidas de seguridad administrativas, t\u00e9cnicas y f\u00edsicas las cuales han sido implementadas con el Objeto de proteger sus Datos Personales contra Da\u00f1o, P\u00e9rdida, Alteraci\u00f3n, Destrucci\u00f3n o el Uso, Acceso o Tratamiento no autorizados.<\/p>\n\n\n\n<p><br> Medios para el Ejercicio de sus Derechos como Titular de los Datos Personales: Como titular de los Datos Personales Objeto del presente Aviso de Privacidad usted podr\u00e1 ejercitar sus derechos de Acceso, Rectificaci\u00f3n, Cancelaci\u00f3n u Oposici\u00f3n (Derechos ARCO), mismos que se consagran en la Ley Federal de Protecci\u00f3n de Datos Personales en Posesi\u00f3n de los Particulares y en su Reglamento. As\u00ed mismo podr\u00e1 revocar el consentimiento otorgado para el uso de sus datos personales. <\/p>\n\n\n\n<p>En cualquiera de estos supuestos, puede realizar su solicitud mediante el env\u00edo de un correo electr\u00f3nico a la direcci\u00f3n de correo electr\u00f3nico info@callmaster.com.mx, o poni\u00e9ndose en contacto con nuestro departamento de Datos Personales, en el tel\u00e9fono (55) 54420511 o visitar nuestra p\u00e1gina de internet www.callmaster.com.mx. Con la finalidad de poder atender su solicitud, \u00e9sta deber\u00e1 satisfacer todos los requisitos estipulados en la Ley Federal de Protecci\u00f3n de Datos Personales en Posesi\u00f3n de los Particulares y en su Reglamento.<\/p>\n\n\n\n<p><br> Fecha de \u00faltima Actualizaci\u00f3n: 10 de Noviembre de 2016.<\/p>\n\n\n\n<p><br> Vigencia del Aviso de Privacidad: Por su seguridad, el Aviso de Privacidad vigente estar\u00e1 disponible en todo momento en la p\u00e1gina web antes se\u00f1alada, en caso de modificaci\u00f3n est\u00e1 ser\u00e1 notificada a trav\u00e9s del mismo medio.<\/p>\n","protected":false},"excerpt":{"rendered":"<p>Consultor\u00eda en Telefon\u00eda Sistematizada Marrtell S.A. de C.V., de conformidad con lo dispuesto en la Ley Federal de Protecci\u00f3n de Datos Personales en Posesi\u00f3n de los Particulares y en su Reglamento, hace de su conocimiento que es Responsable de recabar sus datos personales, del uso que se les d\u00e9 a los mismos y de su<a class=\"moretag\" href=\"https:\/\/callmaster.com.mx\/?page_id=158\"><span class=\"screen-reader-text\">Leer m\u00e1s sobre Aviso de Privacidad<\/span>[&#8230;]<\/a><\/p>\n","protected":false},"author":1,"featured_media":0,"parent":0,"menu_order":0,"comment_status":"closed","ping_status":"closed","template":"","meta":{"footnotes":""},"class_list":["post-158","page","type-page","status-publish","hentry"],"_links":{"self":[{"href":"https:\/\/callmaster.com.mx\/index.php?rest_route=\/wp\/v2\/pages\/158","targetHints":{"allow":["GET"]}}],"collection":[{"href":"https:\/\/callmaster.com.mx\/index.php?rest_route=\/wp\/v2\/pages"}],"about":[{"href":"https:\/\/callmaster.com.mx\/index.php?rest_route=\/wp\/v2\/types\/page"}],"author":[{"embeddable":true,"href":"https:\/\/callmaster.com.mx\/index.php?rest_route=\/wp\/v2\/users\/1"}],"replies":[{"embeddable":true,"href":"https:\/\/callmaster.com.mx\/index.php?rest_route=%2Fwp%2Fv2%2Fcomments&post=158"}],"version-history":[{"count":4,"href":"https:\/\/callmaster.com.mx\/index.php?rest_route=\/wp\/v2\/pages\/158\/revisions"}],"predecessor-version":[{"id":167,"href":"https:\/\/callmaster.com.mx\/index.php?rest_route=\/wp\/v2\/pages\/158\/revisions\/167"}],"wp:attachment":[{"href":"https:\/\/callmaster.com.mx\/index.php?rest_route=%2Fwp%2Fv2%2Fmedia&parent=158"}],"curies":[{"name":"wp","href":"https:\/\/api.w.org\/{rel}","templated":true}]}}